{"id":371,"date":"2021-04-12T21:23:30","date_gmt":"2021-04-12T19:23:30","guid":{"rendered":"http:\/\/spunta-di-mare.ms.decms.eu\/?page_id=371"},"modified":"2022-11-30T10:57:38","modified_gmt":"2022-11-30T09:57:38","slug":"lhotel","status":"publish","type":"page","link":"https:\/\/www.hotel-spuntadimare.com\/it\/","title":{"rendered":"L&#8217;hotel"},"content":{"rendered":"<p>Con oltre 50 anni di tradizione di ospitalit\u00e0 familiare, <strong>l&#8217;Hotel Spunta di Mare**<\/strong>, completamente rinnovato negli ultimi anni, \u00e8 situato in posizione ideale vicino all&#8217;aeroporto e al centro della citt\u00e0 di Ajaccio.<\/p>\n<p>Le 59 camere dell&#8217;Hotel Spunta di Mare sono spaziose e offrono il comfort degno di un hotel a 3 stelle. Completamente servito da ascensori, l&#8217;hotel offre servizi molto apprezzati dai suoi ospiti quali TV a schermo piatto con TNT, Canal+, aria condizionata, Wi-Fi 100% gratuito in tutto l&#8217;hotel, vassoio di cortesia, ristorante aperto tutto l&#8217;anno, parcheggio esterno e garage coperto (gratuito).<br \/>\nOffriamo anche un terminale per auto elettriche.<\/p>\n<p>&nbsp;<\/p>\n<p>L&#8217;hotel \u00e8 inoltre dotato di una piscina coperta e riscaldata accessibile tutto l&#8217;anno, un<br \/>\nsolarium dove si pu\u00f2 godere di un\u2019ampia vista sulla baia di Ajaccio, cos\u00ec come una sala fitness con sauna. Catherine, la nostra estetista partner, offre diversi trattamenti di bellezza e Muriel un metodo dolce e naturale: il reiki. Prendi un appuntamento alla reception.<\/p>\n<p>&nbsp;<\/p>\n<p><strong>Il nostro ristorante<\/strong> ti accoglie dalle 6:30 del mattino (o prima se lo desideri) e per cena. La nostra sala pu\u00f2 ospitare anche gruppi.<\/p>\n<p>A tua disposizione 7\/7 e 24\/24, il nostro team sapr\u00e0, nel rispetto della tradizione dell&#8217;ospitalit\u00e0 corsa, consigliarti e aiutarti nell&#8217;organizzazione del tuo soggiorno. Indirizzi, prenotazioni di attivit\u00e0, eventi&#8230; non esitare a chiedere.<\/p>\n<p>L&#8217;ambiente dell&#8217;hotel Spunta di Mare** ti permette in pochi passi di raggiungere una spiaggia di sabbia fine e negozi locali. Shopping, servizi, visite e attivit\u00e0&#8230; scopri i numerosi vantaggi e le offerte dei nostri partner.<\/p>\n","protected":false},"excerpt":{"rendered":"<p>Con oltre 50 anni di tradizione di ospitalit\u00e0 familiare, l&#8217;Hotel Spunta di Mare**, completamente rinnovato negli ultimi anni, \u00e8 situato in posizione ideale vicino all&#8217;aeroporto e al centro della citt\u00e0 di Ajaccio. Le 59 camere dell&#8217;Hotel Spunta di Mare sono spaziose e offrono il comfort degno di un hotel a 3 stelle. Completamente servito da [&hellip;]<\/p>\n","protected":false},"author":15,"featured_media":0,"parent":0,"menu_order":0,"comment_status":"closed","ping_status":"closed","template":"","meta":{"footnotes":""},"class_list":["post-371","page","type-page","status-publish","hentry"],"yoast_head":"<!-- This site is optimized with the Yoast SEO plugin v26.9 - https:\/\/yoast.com\/product\/yoast-seo-wordpress\/ -->\n<title>L&#039;hotel - Spunta di mare<\/title>\n<meta name=\"description\" content=\"Con oltre 50 anni di tradizione di ospitalit\u00e0 familiare, l&#039;Hotel Spunta di Mare**, completamente rinnovato negli ultimi anni, \u00e8 situato in posizione\" \/>\n<meta name=\"robots\" content=\"index, follow, max-snippet:-1, max-image-preview:large, max-video-preview:-1\" \/>\n<link rel=\"canonical\" href=\"https:\/\/www.hotel-spuntadimare.com\/it\/\" \/>\n<meta property=\"og:locale\" content=\"it_IT\" \/>\n<meta property=\"og:type\" content=\"article\" \/>\n<meta property=\"og:title\" content=\"L&#039;hotel - Spunta di mare\" \/>\n<meta property=\"og:description\" content=\"Con oltre 50 anni di tradizione di ospitalit\u00e0 familiare, l&#039;Hotel Spunta di Mare**, completamente rinnovato negli ultimi anni, \u00e8 situato in posizione\" \/>\n<meta property=\"og:url\" content=\"https:\/\/www.hotel-spuntadimare.com\/it\/\" \/>\n<meta property=\"og:site_name\" content=\"Spunta di mare\" \/>\n<meta property=\"article:modified_time\" content=\"2022-11-30T09:57:38+00:00\" \/>\n<meta name=\"twitter:card\" content=\"summary_large_image\" \/>\n<meta name=\"twitter:label1\" content=\"Tempo di lettura stimato\" \/>\n\t<meta name=\"twitter:data1\" content=\"2 minuti\" \/>\n<script type=\"application\/ld+json\" class=\"yoast-schema-graph\">{\"@context\":\"https:\/\/schema.org\",\"@graph\":[{\"@type\":\"WebPage\",\"@id\":\"https:\/\/www.hotel-spuntadimare.com\/it\/\",\"url\":\"https:\/\/www.hotel-spuntadimare.com\/it\/\",\"name\":\"L'hotel - Spunta di mare\",\"isPartOf\":{\"@id\":\"https:\/\/www.hotel-spuntadimare.com\/it\/#website\"},\"datePublished\":\"2021-04-12T19:23:30+00:00\",\"dateModified\":\"2022-11-30T09:57:38+00:00\",\"description\":\"Con oltre 50 anni di tradizione di ospitalit\u00e0 familiare, l'Hotel Spunta di Mare**, completamente rinnovato negli ultimi anni, \u00e8 situato in posizione\",\"breadcrumb\":{\"@id\":\"https:\/\/www.hotel-spuntadimare.com\/it\/#breadcrumb\"},\"inLanguage\":\"it-IT\",\"potentialAction\":[{\"@type\":\"ReadAction\",\"target\":[\"https:\/\/www.hotel-spuntadimare.com\/it\/\"]}]},{\"@type\":\"BreadcrumbList\",\"@id\":\"https:\/\/www.hotel-spuntadimare.com\/it\/#breadcrumb\",\"itemListElement\":[{\"@type\":\"ListItem\",\"position\":1,\"name\":\"Accueil\",\"item\":\"https:\/\/www.hotel-spuntadimare.com\/it\/\"},{\"@type\":\"ListItem\",\"position\":2,\"name\":\"L&rsquo;hotel\"}]},{\"@type\":\"WebSite\",\"@id\":\"https:\/\/www.hotel-spuntadimare.com\/it\/#website\",\"url\":\"https:\/\/www.hotel-spuntadimare.com\/it\/\",\"name\":\"Spunta di mare\",\"description\":\"\",\"potentialAction\":[{\"@type\":\"SearchAction\",\"target\":{\"@type\":\"EntryPoint\",\"urlTemplate\":\"https:\/\/www.hotel-spuntadimare.com\/it\/?s={search_term_string}\"},\"query-input\":{\"@type\":\"PropertyValueSpecification\",\"valueRequired\":true,\"valueName\":\"search_term_string\"}}],\"inLanguage\":\"it-IT\"}]}<\/script>\n<!-- \/ Yoast SEO plugin. -->","yoast_head_json":{"title":"L'hotel - Spunta di mare","description":"Con oltre 50 anni di tradizione di ospitalit\u00e0 familiare, l'Hotel Spunta di Mare**, completamente rinnovato negli ultimi anni, \u00e8 situato in posizione","robots":{"index":"index","follow":"follow","max-snippet":"max-snippet:-1","max-image-preview":"max-image-preview:large","max-video-preview":"max-video-preview:-1"},"canonical":"https:\/\/www.hotel-spuntadimare.com\/it\/","og_locale":"it_IT","og_type":"article","og_title":"L'hotel - Spunta di mare","og_description":"Con oltre 50 anni di tradizione di ospitalit\u00e0 familiare, l'Hotel Spunta di Mare**, completamente rinnovato negli ultimi anni, \u00e8 situato in posizione","og_url":"https:\/\/www.hotel-spuntadimare.com\/it\/","og_site_name":"Spunta di mare","article_modified_time":"2022-11-30T09:57:38+00:00","twitter_card":"summary_large_image","twitter_misc":{"Tempo di lettura stimato":"2 minuti"},"schema":{"@context":"https:\/\/schema.org","@graph":[{"@type":"WebPage","@id":"https:\/\/www.hotel-spuntadimare.com\/it\/","url":"https:\/\/www.hotel-spuntadimare.com\/it\/","name":"L'hotel - Spunta di mare","isPartOf":{"@id":"https:\/\/www.hotel-spuntadimare.com\/it\/#website"},"datePublished":"2021-04-12T19:23:30+00:00","dateModified":"2022-11-30T09:57:38+00:00","description":"Con oltre 50 anni di tradizione di ospitalit\u00e0 familiare, l'Hotel Spunta di Mare**, completamente rinnovato negli ultimi anni, \u00e8 situato in posizione","breadcrumb":{"@id":"https:\/\/www.hotel-spuntadimare.com\/it\/#breadcrumb"},"inLanguage":"it-IT","potentialAction":[{"@type":"ReadAction","target":["https:\/\/www.hotel-spuntadimare.com\/it\/"]}]},{"@type":"BreadcrumbList","@id":"https:\/\/www.hotel-spuntadimare.com\/it\/#breadcrumb","itemListElement":[{"@type":"ListItem","position":1,"name":"Accueil","item":"https:\/\/www.hotel-spuntadimare.com\/it\/"},{"@type":"ListItem","position":2,"name":"L&rsquo;hotel"}]},{"@type":"WebSite","@id":"https:\/\/www.hotel-spuntadimare.com\/it\/#website","url":"https:\/\/www.hotel-spuntadimare.com\/it\/","name":"Spunta di mare","description":"","potentialAction":[{"@type":"SearchAction","target":{"@type":"EntryPoint","urlTemplate":"https:\/\/www.hotel-spuntadimare.com\/it\/?s={search_term_string}"},"query-input":{"@type":"PropertyValueSpecification","valueRequired":true,"valueName":"search_term_string"}}],"inLanguage":"it-IT"}]}},"acf":[],"_links":{"self":[{"href":"https:\/\/www.hotel-spuntadimare.com\/it\/wp-json\/wp\/v2\/pages\/371","targetHints":{"allow":["GET"]}}],"collection":[{"href":"https:\/\/www.hotel-spuntadimare.com\/it\/wp-json\/wp\/v2\/pages"}],"about":[{"href":"https:\/\/www.hotel-spuntadimare.com\/it\/wp-json\/wp\/v2\/types\/page"}],"author":[{"embeddable":true,"href":"https:\/\/www.hotel-spuntadimare.com\/it\/wp-json\/wp\/v2\/users\/15"}],"replies":[{"embeddable":true,"href":"https:\/\/www.hotel-spuntadimare.com\/it\/wp-json\/wp\/v2\/comments?post=371"}],"version-history":[{"count":0,"href":"https:\/\/www.hotel-spuntadimare.com\/it\/wp-json\/wp\/v2\/pages\/371\/revisions"}],"wp:attachment":[{"href":"https:\/\/www.hotel-spuntadimare.com\/it\/wp-json\/wp\/v2\/media?parent=371"}],"curies":[{"name":"wp","href":"https:\/\/api.w.org\/{rel}","templated":true}]}}